{"id":1755,"date":"2024-07-31T15:36:33","date_gmt":"2024-07-31T19:36:33","guid":{"rendered":"https:\/\/www.jsonic.ca\/?page_id=1755\/"},"modified":"2024-08-22T16:49:43","modified_gmt":"2024-08-22T20:49:43","slug":"carrieres","status":"publish","type":"page","link":"https:\/\/www.jsonic.ca\/fr\/carrieres\/","title":{"rendered":"Carri\u00e8res"},"content":{"rendered":"<h2>\n\t\tCARRI\u00c8RES CHEZ J.SONIC<br \/>\n\t<\/h2>\n<h2>\n\t\tFAITES LE PREMIER PAS VERS UN AVENIR PASSIONNANT<br \/>\n\t<\/h2>\n<h5>\n\t\tSe joindre \u00e0 l\u2019\u00e9quipe de J.Sonic va au-del\u00e0 d\u2019une simple collaboration, vous apporterez une r\u00e9elle contribution. En plus de fabriquer des produits, nous inspirons \u00e9galement des histoires de transformation et ouvrons de nouvelles perspectives. Chaque voix compte afin de cr\u00e9er une communaut\u00e9 qui \u00e9tablit de nouvelles normes et se d\u00e9marque par sa cr\u00e9ativit\u00e9.<br \/>\n\t<\/h5>\n<p>\t\t\t\t<a href=\"https:\/\/www.selectsurfaces.ca\/\" target=\"_blank\" itemprop=\"url\" rel=\"noopener\"><br \/>\n\t\t\t\t<img loading=\"lazy\" decoding=\"async\" src=\"https:\/\/www.jsonic.ca\/wp-content\/uploads\/2024\/06\/ss_logo_standard.jpg\" alt=\"ss_logo_standard\" itemprop=\"image\" height=\"100\" width=\"250\"  \/><br \/>\n\t\t\t\t<\/a><br \/>\n\t\t\t\t<a href=\"https:\/\/www.goldenselect.ca\/ca\/fr\/\" target=\"_blank\" itemprop=\"url\" rel=\"noopener\"><br \/>\n\t\t\t\t<img loading=\"lazy\" decoding=\"async\" src=\"https:\/\/www.jsonic.ca\/wp-content\/uploads\/2024\/06\/gs_logo_standard.jpg\" alt=\"gs_logo_standard\" itemprop=\"image\" height=\"100\" width=\"250\"  \/><br \/>\n\t\t\t\t<\/a><br \/>\n\t\t\t\t<a href=\"https:\/\/creativesurfaces.ca\/fr\/\" target=\"_blank\" itemprop=\"url\" rel=\"noopener\"><br \/>\n\t\t\t\t<img loading=\"lazy\" decoding=\"async\" src=\"https:\/\/www.jsonic.ca\/wp-content\/uploads\/2024\/06\/cs_logo_standard.jpg\" alt=\"cs_logo_standard\" itemprop=\"image\" height=\"100\" width=\"250\"  \/><br \/>\n\t\t\t\t<\/a><br \/>\n\t\t\t\t<a href=\"https:\/\/everhome.co\/\" target=\"_blank\" itemprop=\"url\" rel=\"noopener\"><br \/>\n\t\t\t\t<img loading=\"lazy\" decoding=\"async\" src=\"https:\/\/www.jsonic.ca\/wp-content\/uploads\/2024\/06\/everhome_logo_standard.jpg\" alt=\"everhome_logo_standard\" itemprop=\"image\" height=\"100\" width=\"250\"  \/><br \/>\n\t\t\t\t<\/a><br \/>\n\t\t\t<a href=\"https:\/\/ca.indeed.com\/jobs?q=j.+sonic&#038;l=Montr%C3%A9al%2C+QC&#038;from=searchOnDesktopSerp&#038;vjk=eff5bfbe62247d78\" target=\"_blank\" role=\"button\" rel=\"noopener\"><br \/>\n\t\t\t\t\t\tConsulter nos offres d&#8217;emploi<br \/>\n\t\t\t\t\t<\/a><\/p>\n<h5><a href=\"#aboutus\">\u00c0 propos de nous<\/a><\/h5>\n<p><a href=\"#categories\">Cat\u00e9gories<\/a><\/p>\n<p><a href=\"#apropos\">\u00c0 propos<\/a><\/p>\n<p><a href=\"#corporatevision\">Vision corporative<\/a><\/p>\n<p><a href=\"\/fr\/approvisionnement-ethique\/\">Approvisionnement \u00e9thique<\/a><\/p>\n<p><a href=\"\/fr\/politique-de-confidentialite\/\">Politique de confidentialit\u00e9<\/a><\/p>\n<p><a href=\"\/fr\/carrieres\">Carri\u00e8res<\/a><\/p>\n<h5><a href=\"#contactus\">Contactez-nous<\/a><\/h5>\n<p><a href=\"mailto:info@jsonic.ca\">info@jsonic.ca<\/a><br \/>\n<a href=\"callto:5143415789\">(514) 341\u00a0&#8211;\u00a05789<\/a><br \/>\n<a href=\"https:\/\/www.google.ca\/maps\/dir\/\/6869+Boul+Henri-Bourassa+O,+Saint-Laurent,+QC+H4R+1E1\/@45.5689643,-73.8055352,12z\/data=!4m8!4m7!1m0!1m5!1m1!1s0x4cc917e98ba931b1:0xa6c74cdeaa9b436!2m2!1d-73.7345881!2d45.5104297\" target=\"_blank\" rel=\"noopener noreferrer\">6869 Henri Bourassa O,<br \/>\nSt-Laurent, QC H4R 1E1<\/a><\/p>\n<p>\u00a9 2009-2024 Jsonic.ca.<br \/>\nTous les droits sont r\u00e9serv\u00e9s.<\/p>\n<p>D\u00e9veloppement Web par <a href=\"http:\/\/magemontreal.com\">MageMontreal<\/a><\/p>\n","protected":false},"excerpt":{"rendered":"<p>CARRI\u00c8RES CHEZ J.SONIC FAITES LE PREMIER PAS VERS UN AVENIR PASSIONNANT Se joindre \u00e0 l\u2019\u00e9quipe de J.Sonic va au-del\u00e0 d\u2019une simple collaboration, vous apporterez une r\u00e9elle contribution. En plus de fabriquer des produits, nous inspirons \u00e9galement des histoires de transformation et ouvrons de nouvelles perspectives. Chaque voix compte afin de cr\u00e9er une communaut\u00e9 qui \u00e9tablit&hellip;<\/p>\n","protected":false},"author":3,"featured_media":0,"parent":0,"menu_order":0,"comment_status":"closed","ping_status":"closed","template":"","meta":{"footnotes":""},"_links":{"self":[{"href":"https:\/\/www.jsonic.ca\/fr\/wp-json\/wp\/v2\/pages\/1755"}],"collection":[{"href":"https:\/\/www.jsonic.ca\/fr\/wp-json\/wp\/v2\/pages"}],"about":[{"href":"https:\/\/www.jsonic.ca\/fr\/wp-json\/wp\/v2\/types\/page"}],"author":[{"embeddable":true,"href":"https:\/\/www.jsonic.ca\/fr\/wp-json\/wp\/v2\/users\/3"}],"replies":[{"embeddable":true,"href":"https:\/\/www.jsonic.ca\/fr\/wp-json\/wp\/v2\/comments?post=1755"}],"version-history":[{"count":9,"href":"https:\/\/www.jsonic.ca\/fr\/wp-json\/wp\/v2\/pages\/1755\/revisions"}],"predecessor-version":[{"id":1789,"href":"https:\/\/www.jsonic.ca\/fr\/wp-json\/wp\/v2\/pages\/1755\/revisions\/1789"}],"wp:attachment":[{"href":"https:\/\/www.jsonic.ca\/fr\/wp-json\/wp\/v2\/media?parent=1755"}],"curies":[{"name":"wp","href":"https:\/\/api.w.org\/{rel}","templated":true}]}}