{"id":1631,"date":"2024-05-22T12:17:17","date_gmt":"2024-05-22T16:17:17","guid":{"rendered":"https:\/\/www.jsonic.ca\/?page_id=1631\/"},"modified":"2024-05-24T14:00:26","modified_gmt":"2024-05-24T18:00:26","slug":"approvisionnement-ethique","status":"publish","type":"page","link":"https:\/\/www.jsonic.ca\/fr\/approvisionnement-ethique\/","title":{"rendered":"Approvisionnement \u00c9thique"},"content":{"rendered":"<h1>\n\t\tApprovisionnement \u00c9thique<br \/>\n\t<\/h1>\n<h2>\n\t\tNOTRE PROMESSE ENVERS VOUS<br \/>\n\t<\/h2>\n<h4>\n\t\tNos produits sont d&rsquo;origine \u00e9thique, garantissant qu&rsquo;ils sont fabriqu\u00e9s dans le respect des personnes et de la plan\u00e8te.<br \/>\n\t<\/h4>\n<h3>\n\t\tDocuments T\u00e9l\u00e9chargeables<br \/>\n\t<\/h3>\n<h5><a href=\"#aboutus\">\u00c0 propos de nous<\/a><\/h5>\n<p><a href=\"#categories\">Cat\u00e9gories<\/a><\/p>\n<p><a href=\"#apropos\">\u00c0 propos<\/a><\/p>\n<p><a href=\"#corporatevision\">Vision corporative<\/a><\/p>\n<p><a href=\"\/fr\/approvisionnement-ethique\/\">Approvisionnement \u00e9thique<\/a><\/p>\n<p><a href=\"\/fr\/politique-de-confidentialite\/\">Politique de confidentialit\u00e9<\/a><\/p>\n<h5><a href=\"#contactus\">Contactez-nous<\/a><\/h5>\n<p><a href=\"mailto:info@jsonic.ca\">info@jsonic.ca<\/a><br \/>\n<a href=\"callto:5143415789\">(514) 341\u00a0&#8211;\u00a05789<\/a><br \/>\n<a href=\"https:\/\/www.google.ca\/maps\/dir\/\/6869+Boul+Henri-Bourassa+O,+Saint-Laurent,+QC+H4R+1E1\/@45.5689643,-73.8055352,12z\/data=!4m8!4m7!1m0!1m5!1m1!1s0x4cc917e98ba931b1:0xa6c74cdeaa9b436!2m2!1d-73.7345881!2d45.5104297\" target=\"_blank\" rel=\"noopener noreferrer\">6869 Henri Bourassa O,<br \/>\nSt-Laurent, QC H4R 1E1<\/a><\/p>\n<p>\u00a9 2009-2017 Jsonic.ca.<br \/>\nTous les droits sont r\u00e9serv\u00e9s.<\/p>\n<p>D\u00e9veloppement Web par <a href=\"http:\/\/magemontreal.com\">MageMontreal<\/a><\/p>\n","protected":false},"excerpt":{"rendered":"<p>Approvisionnement \u00c9thique NOTRE PROMESSE ENVERS VOUS Nos produits sont d&rsquo;origine \u00e9thique, garantissant qu&rsquo;ils sont fabriqu\u00e9s dans le respect des personnes et de la plan\u00e8te. Documents T\u00e9l\u00e9chargeables \u00c0 propos de nous Cat\u00e9gories \u00c0 propos Vision corporative Approvisionnement \u00e9thique Politique de confidentialit\u00e9 Contactez-nous info@jsonic.ca (514) 341\u00a0&#8211;\u00a05789 6869 Henri Bourassa O, St-Laurent, QC H4R 1E1 \u00a9 2009-2017 Jsonic.ca.&hellip;<\/p>\n","protected":false},"author":3,"featured_media":0,"parent":0,"menu_order":0,"comment_status":"closed","ping_status":"closed","template":"","meta":{"footnotes":""},"_links":{"self":[{"href":"https:\/\/www.jsonic.ca\/fr\/wp-json\/wp\/v2\/pages\/1631"}],"collection":[{"href":"https:\/\/www.jsonic.ca\/fr\/wp-json\/wp\/v2\/pages"}],"about":[{"href":"https:\/\/www.jsonic.ca\/fr\/wp-json\/wp\/v2\/types\/page"}],"author":[{"embeddable":true,"href":"https:\/\/www.jsonic.ca\/fr\/wp-json\/wp\/v2\/users\/3"}],"replies":[{"embeddable":true,"href":"https:\/\/www.jsonic.ca\/fr\/wp-json\/wp\/v2\/comments?post=1631"}],"version-history":[{"count":5,"href":"https:\/\/www.jsonic.ca\/fr\/wp-json\/wp\/v2\/pages\/1631\/revisions"}],"predecessor-version":[{"id":1688,"href":"https:\/\/www.jsonic.ca\/fr\/wp-json\/wp\/v2\/pages\/1631\/revisions\/1688"}],"wp:attachment":[{"href":"https:\/\/www.jsonic.ca\/fr\/wp-json\/wp\/v2\/media?parent=1631"}],"curies":[{"name":"wp","href":"https:\/\/api.w.org\/{rel}","templated":true}]}}